{"id":55236,"date":"2025-06-22T11:20:06","date_gmt":"2025-06-22T11:20:06","guid":{"rendered":"https:\/\/leverate.com\/bize-ulasin\/"},"modified":"2026-01-05T06:55:14","modified_gmt":"2026-01-05T06:55:14","slug":"bize-ulasin","status":"publish","type":"page","link":"https:\/\/leverate.com\/tr\/bize-ulasin\/","title":{"rendered":"Bize Ula\u015f\u0131n"},"content":{"rendered":"<div data-elementor-type=\"wp-page\" data-elementor-id=\"55236\" class=\"elementor elementor-55236 elementor-52838\" data-elementor-post-type=\"page\">\n\t\t\t\t<div class=\"elementor-element elementor-element-0a4ddc7 e-flex e-con-boxed e-con e-parent\" data-id=\"0a4ddc7\" data-element_type=\"container\" data-e-type=\"container\" data-settings='{\"background_background\":\"classic\"}'>\n\t\t\t\t\t<div class=\"e-con-inner\">\n\t\t<div class=\"elementor-element elementor-element-31fcf69 e-con-full e-flex e-con e-child\" data-id=\"31fcf69\" data-element_type=\"container\" data-e-type=\"container\">\n\t\t<div class=\"elementor-element elementor-element-cdd607f e-con-full e-flex e-con e-child\" data-id=\"cdd607f\" data-element_type=\"container\" data-e-type=\"container\">\n\t\t\t\t<div class=\"elementor-element elementor-element-1ad16e4 elementor-widget elementor-widget-heading\" data-id=\"1ad16e4\" data-element_type=\"widget\" data-e-type=\"widget\" data-widget_type=\"heading.default\">\n\t\t\t\t\t<h2 class=\"elementor-heading-title elementor-size-default\" id=\"ihtiyaclarinizi-nasil-karsilayabilecegimizi-gormek-icin-satis-ekibimizle-konusun\">\u0130htiya\u00e7lar\u0131n\u0131z\u0131 Nas\u0131l Kar\u015f\u0131layabilece\u011fimizi G\u00f6rmek \u0130\u00e7in Sat\u0131\u015f Ekibimizle Konu\u015fun<\/h2>\t\t\t\t<\/div>\n\t\t\t\t<div class=\"elementor-element elementor-element-8d019c0 elementor-icon-list--layout-traditional elementor-list-item-link-full_width elementor-widget elementor-widget-icon-list\" data-id=\"8d019c0\" data-element_type=\"widget\" data-e-type=\"widget\" data-widget_type=\"icon-list.default\">\n\t\t\t\t\t\t\t<ul class=\"elementor-icon-list-items\">\n\t\t\t\t\t\t\t<li class=\"elementor-icon-list-item\">\n\t\t\t\t\t\t\t\t\t\t\t<span class=\"elementor-icon-list-icon\">\n\t\t\t\t\t\t\t<svg aria-hidden=\"true\" class=\"e-font-icon-svg e-fas-dot-circle\" viewbox=\"0 0 512 512\" xmlns=\"http:\/\/www.w3.org\/2000\/svg\"><path d=\"M256 8C119.033 8 8 119.033 8 256s111.033 248 248 248 248-111.033 248-248S392.967 8 256 8zm80 248c0 44.112-35.888 80-80 80s-80-35.888-80-80 35.888-80 80-80 80 35.888 80 80z\"><\/path><\/svg>\t\t\t\t\t\t<\/span>\n\t\t\t\t\t\t\t\t\t\t<span class=\"elementor-icon-list-text\">Uzman \u00dcr\u00fcn Rehberli\u011fi Al\u0131n<\/span>\n\t\t\t\t\t\t\t\t\t<\/li>\n\t\t\t\t\t\t\t\t<li class=\"elementor-icon-list-item\">\n\t\t\t\t\t\t\t\t\t\t\t<span class=\"elementor-icon-list-icon\">\n\t\t\t\t\t\t\t<svg aria-hidden=\"true\" class=\"e-font-icon-svg e-fas-dot-circle\" viewbox=\"0 0 512 512\" xmlns=\"http:\/\/www.w3.org\/2000\/svg\"><path d=\"M256 8C119.033 8 8 119.033 8 256s111.033 248 248 248 248-111.033 248-248S392.967 8 256 8zm80 248c0 44.112-35.888 80-80 80s-80-35.888-80-80 35.888-80 80-80 80 35.888 80 80z\"><\/path><\/svg>\t\t\t\t\t\t<\/span>\n\t\t\t\t\t\t\t\t\t\t<span class=\"elementor-icon-list-text\">Entegrasyon Yetenekleri Hakk\u0131nda Bilgi Al\u0131n<\/span>\n\t\t\t\t\t\t\t\t\t<\/li>\n\t\t\t\t\t\t\t\t<li class=\"elementor-icon-list-item\">\n\t\t\t\t\t\t\t\t\t\t\t<span class=\"elementor-icon-list-icon\">\n\t\t\t\t\t\t\t<svg aria-hidden=\"true\" class=\"e-font-icon-svg e-fas-dot-circle\" viewbox=\"0 0 512 512\" xmlns=\"http:\/\/www.w3.org\/2000\/svg\"><path d=\"M256 8C119.033 8 8 119.033 8 256s111.033 248 248 248 248-111.033 248-248S392.967 8 256 8zm80 248c0 44.112-35.888 80-80 80s-80-35.888-80-80 35.888-80 80-80 80 35.888 80 80z\"><\/path><\/svg>\t\t\t\t\t\t<\/span>\n\t\t\t\t\t\t\t\t\t\t<span class=\"elementor-icon-list-text\">Ortakl\u0131k F\u0131rsatlar\u0131n\u0131 Ke\u015ffedin<\/span>\n\t\t\t\t\t\t\t\t\t<\/li>\n\t\t\t\t\t\t<\/ul>\n\t\t\t\t\t\t<\/div>\n\t\t\t\t<\/div>\n\t\t<div class=\"elementor-element elementor-element-6a25a77 e-con-full elementor-hidden-tablet elementor-hidden-mobile e-flex e-con e-child\" data-id=\"6a25a77\" data-element_type=\"container\" data-e-type=\"container\">\n\t\t\t\t<div class=\"elementor-element elementor-element-768ac07 elementor-widget elementor-widget-heading\" data-id=\"768ac07\" data-element_type=\"widget\" data-e-type=\"widget\" data-widget_type=\"heading.default\">\n\t\t\t\t\t<h3 class=\"elementor-heading-title elementor-size-default\">\u00c7ok \u00d6d\u00fcll\u00fc Teknoloji Sa\u011flay\u0131c\u0131s\u0131\n<\/h3>\t\t\t\t<\/div>\n\t\t\t\t<div class=\"elementor-element elementor-element-2a4bb21 elementor-widget elementor-widget-image\" data-id=\"2a4bb21\" data-element_type=\"widget\" data-e-type=\"widget\" data-widget_type=\"image.default\">\n\t\t\t\t\t\t\t\t\t\t\t\t\t\t\t<img fetchpriority=\"high\" decoding=\"async\" width=\"915\" height=\"284\" src=\"https:\/\/leverate.com\/wp-content\/uploads\/2025\/08\/leverate-award-001.png\" class=\"attachment-full size-full wp-image-71659\" alt=\"\" srcset=\"https:\/\/leverate.com\/wp-content\/uploads\/2025\/08\/leverate-award-001.png 915w, https:\/\/leverate.com\/wp-content\/uploads\/2025\/08\/leverate-award-001-480x149.png 480w, https:\/\/leverate.com\/wp-content\/uploads\/2025\/08\/leverate-award-001-768x238.png 768w\" sizes=\"(max-width: 915px) 100vw, 915px\">\t\t\t\t\t\t\t\t\t\t\t\t\t\t\t<\/div>\n\t\t\t\t<\/div>\n\t\t\t\t<\/div>\n\t\t<div class=\"elementor-element elementor-element-b4190e2 e-con-full e-flex e-con e-child\" data-id=\"b4190e2\" data-element_type=\"container\" data-e-type=\"container\">\n\t\t\t\t<div class=\"elementor-element elementor-element-7f6d82f form-background elementor-widget elementor-widget-html\" data-id=\"7f6d82f\" data-element_type=\"widget\" data-e-type=\"widget\" data-widget_type=\"html.default\">\n\t\t\t\t\t<div id=\"hs-lead-form-container\"><\/div>\n<script charset=\"utf-8\" type=\"text\/javascript\" src=\"\/\/js-eu1.hsforms.net\/forms\/embed\/v2.js\"><\/script>\n<script>\n  hbspt.forms.create({\n    portalId: \"25477965\",\n    formId: \"f59cdda1-51d4-4ecb-a7b0-f9b90bd67fa0\",\n    region: \"eu1\",\n    target: \"#hs-lead-form-container\"\n  });\n<\/script>\t\t\t\t<\/div>\n\t\t<div class=\"elementor-element elementor-element-fd52390 e-con-full elementor-hidden-desktop e-flex e-con e-child\" data-id=\"fd52390\" data-element_type=\"container\" data-e-type=\"container\">\n\t\t\t\t<div class=\"elementor-element elementor-element-70805cb elementor-widget elementor-widget-heading\" data-id=\"70805cb\" data-element_type=\"widget\" data-e-type=\"widget\" data-widget_type=\"heading.default\">\n\t\t\t\t\t<h3 class=\"elementor-heading-title elementor-size-default\">\u00c7ok \u00d6d\u00fcll\u00fc Teknoloji Sa\u011flay\u0131c\u0131s\u0131\n<\/h3>\t\t\t\t<\/div>\n\t\t\t\t<div class=\"elementor-element elementor-element-05c6847 elementor-widget elementor-widget-image\" data-id=\"05c6847\" data-element_type=\"widget\" data-e-type=\"widget\" data-widget_type=\"image.default\">\n\t\t\t\t\t\t\t\t\t\t\t\t\t\t\t<img fetchpriority=\"high\" decoding=\"async\" width=\"915\" height=\"284\" src=\"https:\/\/leverate.com\/wp-content\/uploads\/2025\/08\/leverate-award-001.png\" class=\"attachment-full size-full wp-image-71659\" alt=\"\" srcset=\"https:\/\/leverate.com\/wp-content\/uploads\/2025\/08\/leverate-award-001.png 915w, https:\/\/leverate.com\/wp-content\/uploads\/2025\/08\/leverate-award-001-480x149.png 480w, https:\/\/leverate.com\/wp-content\/uploads\/2025\/08\/leverate-award-001-768x238.png 768w\" sizes=\"(max-width: 915px) 100vw, 915px\">\t\t\t\t\t\t\t\t\t\t\t\t\t\t\t<\/div>\n\t\t\t\t<\/div>\n\t\t\t\t<div class=\"elementor-element elementor-element-9a30eec elementor-shape-circle e-grid-align-left elementor-grid-0 elementor-widget elementor-widget-social-icons\" data-id=\"9a30eec\" data-element_type=\"widget\" data-e-type=\"widget\" data-widget_type=\"social-icons.default\">\n\t\t\t\t\t\t\t<div class=\"elementor-social-icons-wrapper elementor-grid\" role=\"list\">\n\t\t\t\t\t\t\t<span class=\"elementor-grid-item\" role=\"listitem\">\n\t\t\t\t\t<a class=\"elementor-icon elementor-social-icon elementor-social-icon-whatsapp elementor-repeater-item-d4e6b29\" href=\"https:\/\/wa.me\/447375536112\" target=\"_blank\" rel=\"noopener\">\n\t\t\t\t\t\t<span class=\"elementor-screen-only\">Whatsapp<\/span>\n\t\t\t\t\t\t<svg aria-hidden=\"true\" class=\"e-font-icon-svg e-fab-whatsapp\" viewbox=\"0 0 448 512\" xmlns=\"http:\/\/www.w3.org\/2000\/svg\"><path d=\"M380.9 97.1C339 55.1 283.2 32 223.9 32c-122.4 0-222 99.6-222 222 0 39.1 10.2 77.3 29.6 111L0 480l117.7-30.9c32.4 17.7 68.9 27 106.1 27h.1c122.3 0 224.1-99.6 224.1-222 0-59.3-25.2-115-67.1-157zm-157 341.6c-33.2 0-65.7-8.9-94-25.7l-6.7-4-69.8 18.3L72 359.2l-4.4-7c-18.5-29.4-28.2-63.3-28.2-98.2 0-101.7 82.8-184.5 184.6-184.5 49.3 0 95.6 19.2 130.4 54.1 34.8 34.9 56.2 81.2 56.1 130.5 0 101.8-84.9 184.6-186.6 184.6zm101.2-138.2c-5.5-2.8-32.8-16.2-37.9-18-5.1-1.9-8.8-2.8-12.5 2.8-3.7 5.6-14.3 18-17.6 21.8-3.2 3.7-6.5 4.2-12 1.4-32.6-16.3-54-29.1-75.5-66-5.7-9.8 5.7-9.1 16.3-30.3 1.8-3.7.9-6.9-.5-9.7-1.4-2.8-12.5-30.1-17.1-41.2-4.5-10.8-9.1-9.3-12.5-9.5-3.2-.2-6.9-.2-10.6-.2-3.7 0-9.7 1.4-14.8 6.9-5.1 5.6-19.4 19-19.4 46.3 0 27.3 19.9 53.7 22.6 57.4 2.8 3.7 39.1 59.7 94.8 83.8 35.2 15.2 49 16.5 66.6 13.9 10.7-1.6 32.8-13.4 37.4-26.4 4.6-13 4.6-24.1 3.2-26.4-1.3-2.5-5-3.9-10.5-6.6z\"><\/path><\/svg>\t\t\t\t\t<\/a>\n\t\t\t\t<\/span>\n\t\t\t\t\t\t\t<span class=\"elementor-grid-item\" role=\"listitem\">\n\t\t\t\t\t<a class=\"elementor-icon elementor-social-icon elementor-social-icon-facebook elementor-repeater-item-aac0cb0\" href=\"https:\/\/www.facebook.com\/leverate\" target=\"_blank\" rel=\"noopener\">\n\t\t\t\t\t\t<span class=\"elementor-screen-only\">Facebook<\/span>\n\t\t\t\t\t\t<svg aria-hidden=\"true\" class=\"e-font-icon-svg e-fab-facebook\" viewbox=\"0 0 512 512\" xmlns=\"http:\/\/www.w3.org\/2000\/svg\"><path d=\"M504 256C504 119 393 8 256 8S8 119 8 256c0 123.78 90.69 226.38 209.25 245V327.69h-63V256h63v-54.64c0-62.15 37-96.48 93.67-96.48 27.14 0 55.52 4.84 55.52 4.84v61h-31.28c-30.8 0-40.41 19.12-40.41 38.73V256h68.78l-11 71.69h-57.78V501C413.31 482.38 504 379.78 504 256z\"><\/path><\/svg>\t\t\t\t\t<\/a>\n\t\t\t\t<\/span>\n\t\t\t\t\t\t\t<span class=\"elementor-grid-item\" role=\"listitem\">\n\t\t\t\t\t<a class=\"elementor-icon elementor-social-icon elementor-social-icon-linkedin elementor-repeater-item-334655c\" href=\"https:\/\/www.linkedin.com\/company\/leverate\/\" target=\"_blank\" rel=\"noopener\">\n\t\t\t\t\t\t<span class=\"elementor-screen-only\">Linkedin<\/span>\n\t\t\t\t\t\t<svg aria-hidden=\"true\" class=\"e-font-icon-svg e-fab-linkedin\" viewbox=\"0 0 448 512\" xmlns=\"http:\/\/www.w3.org\/2000\/svg\"><path d=\"M416 32H31.9C14.3 32 0 46.5 0 64.3v383.4C0 465.5 14.3 480 31.9 480H416c17.6 0 32-14.5 32-32.3V64.3c0-17.8-14.4-32.3-32-32.3zM135.4 416H69V202.2h66.5V416zm-33.2-243c-21.3 0-38.5-17.3-38.5-38.5S80.9 96 102.2 96c21.2 0 38.5 17.3 38.5 38.5 0 21.3-17.2 38.5-38.5 38.5zm282.1 243h-66.4V312c0-24.8-.5-56.7-34.5-56.7-34.6 0-39.9 27-39.9 54.9V416h-66.4V202.2h63.7v29.2h.9c8.9-16.8 30.6-34.5 62.9-34.5 67.2 0 79.7 44.3 79.7 101.9V416z\"><\/path><\/svg>\t\t\t\t\t<\/a>\n\t\t\t\t<\/span>\n\t\t\t\t\t<\/div>\n\t\t\t\t\t\t<\/div>\n\t\t\t\t<\/div>\n\t\t\t\t\t<\/div>\n\t\t\t\t<\/div>\n\t\t<div class=\"elementor-element elementor-element-6931c9e e-con-full e-flex e-con e-parent\" data-id=\"6931c9e\" data-element_type=\"container\" data-e-type=\"container\" data-settings='{\"background_background\":\"classic\"}'>\n\t\t<div class=\"elementor-element elementor-element-cdeb2ea e-flex e-con-boxed e-con e-child\" data-id=\"cdeb2ea\" data-element_type=\"container\" data-e-type=\"container\">\n\t\t\t\t\t<div class=\"e-con-inner\">\n\t\t<div class=\"elementor-element elementor-element-fac44eb e-con-full e-flex e-con e-child\" data-id=\"fac44eb\" data-element_type=\"container\" data-e-type=\"container\">\n\t\t\t\t<div class=\"elementor-element elementor-element-081c027 elementor-widget elementor-widget-image\" data-id=\"081c027\" data-element_type=\"widget\" data-e-type=\"widget\" data-widget_type=\"image.default\">\n\t\t\t\t\t\t\t\t\t\t\t\t\t\t\t<img decoding=\"async\" src=\"https:\/\/leverate.com\/wp-content\/uploads\/2025\/08\/grain-border-011.svg\" class=\"attachment-full size-full wp-image-74864\" alt=\"\">\t\t\t\t\t\t\t\t\t\t\t\t\t\t\t<\/div>\n\t\t\t\t<\/div>\n\t\t<div class=\"elementor-element elementor-element-bc6adc9 e-con-full e-flex e-con e-child\" data-id=\"bc6adc9\" data-element_type=\"container\" data-e-type=\"container\">\n\t\t\t\t<div class=\"elementor-element elementor-element-921cb24 elementor-widget elementor-widget-heading\" data-id=\"921cb24\" data-element_type=\"widget\" data-e-type=\"widget\" data-widget_type=\"heading.default\">\n\t\t\t\t\t<h2 class=\"elementor-heading-title elementor-size-default\" id=\"dunya-capindaki-ofislerimiz\">D\u00fcnya \u00c7ap\u0131ndaki Ofislerimiz<\/h2>\t\t\t\t<\/div>\n\t\t\t\t<div class=\"elementor-element elementor-element-e9a6c38 elementor-widget elementor-widget-image\" data-id=\"e9a6c38\" data-element_type=\"widget\" data-e-type=\"widget\" data-widget_type=\"image.default\">\n\t\t\t\t\t\t\t\t\t\t\t\t\t\t\t<img decoding=\"async\" width=\"2480\" height=\"1373\" src=\"https:\/\/leverate.com\/wp-content\/uploads\/2025\/08\/about-map-2.png\" class=\"attachment-full size-full wp-image-74856\" alt=\"\" srcset=\"https:\/\/leverate.com\/wp-content\/uploads\/2025\/08\/about-map-2.png 2480w, https:\/\/leverate.com\/wp-content\/uploads\/2025\/08\/about-map-2-480x266.png 480w, https:\/\/leverate.com\/wp-content\/uploads\/2025\/08\/about-map-2-1024x567.png 1024w, https:\/\/leverate.com\/wp-content\/uploads\/2025\/08\/about-map-2-768x425.png 768w, https:\/\/leverate.com\/wp-content\/uploads\/2025\/08\/about-map-2-1536x850.png 1536w, https:\/\/leverate.com\/wp-content\/uploads\/2025\/08\/about-map-2-2048x1134.png 2048w\" sizes=\"(max-width: 2480px) 100vw, 2480px\">\t\t\t\t\t\t\t\t\t\t\t\t\t\t\t<\/div>\n\t\t\t\t<\/div>\n\t\t\t\t\t<\/div>\n\t\t\t\t<\/div>\n\t\t\t\t<\/div>\n\t\t\t\t<\/div>\n\t\t","protected":false},"excerpt":{"rendered":"<p>\u0130htiya\u00e7lar\u0131n\u0131z\u0131 Nas\u0131l Kar\u015f\u0131layabilece\u011fimizi G\u00f6rmek \u0130\u00e7in Sat\u0131\u015f Ekibimizle Konu\u015fun Uzman \u00dcr\u00fcn Rehberli\u011fi Al\u0131n Entegrasyon Yetenekleri Hakk\u0131nda Bilgi Al\u0131n Ortakl\u0131k F\u0131rsatlar\u0131n\u0131 Ke\u015ffedin \u00c7ok \u00d6d\u00fcll\u00fc Teknoloji Sa\u011flay\u0131c\u0131s\u0131 \u00c7ok \u00d6d\u00fcll\u00fc Teknoloji Sa\u011flay\u0131c\u0131s\u0131 Whatsapp Facebook Linkedin D\u00fcnya \u00c7ap\u0131ndaki Ofislerimiz<\/p>\n","protected":false},"author":7,"featured_media":0,"parent":0,"menu_order":0,"comment_status":"closed","ping_status":"closed","template":"","meta":{"_acf_changed":false,"footnotes":""},"class_list":["post-55236","page","type-page","status-publish","hentry"],"acf":[],"_links":{"self":[{"href":"https:\/\/leverate.com\/tr\/wp-json\/wp\/v2\/pages\/55236","targetHints":{"allow":["GET"]}}],"collection":[{"href":"https:\/\/leverate.com\/tr\/wp-json\/wp\/v2\/pages"}],"about":[{"href":"https:\/\/leverate.com\/tr\/wp-json\/wp\/v2\/types\/page"}],"author":[{"embeddable":true,"href":"https:\/\/leverate.com\/tr\/wp-json\/wp\/v2\/users\/7"}],"replies":[{"embeddable":true,"href":"https:\/\/leverate.com\/tr\/wp-json\/wp\/v2\/comments?post=55236"}],"version-history":[{"count":0,"href":"https:\/\/leverate.com\/tr\/wp-json\/wp\/v2\/pages\/55236\/revisions"}],"wp:attachment":[{"href":"https:\/\/leverate.com\/tr\/wp-json\/wp\/v2\/media?parent=55236"}],"curies":[{"name":"wp","href":"https:\/\/api.w.org\/{rel}","templated":true}]}}